{"id":3508,"date":"2025-03-20T16:00:31","date_gmt":"2025-03-20T16:00:31","guid":{"rendered":"https:\/\/www.normandie-couverture.com\/?page_id=3508"},"modified":"2025-08-11T12:24:27","modified_gmt":"2025-08-11T12:24:27","slug":"services-velux","status":"publish","type":"page","link":"https:\/\/www.olin-couverture.fr\/?page_id=3508","title":{"rendered":"Services Velux"},"content":{"rendered":"\t\t<div data-elementor-type=\"wp-page\" data-elementor-id=\"3508\" class=\"elementor elementor-3508\" data-elementor-settings=\"{&quot;ha_cmc_init_switcher&quot;:&quot;no&quot;}\">\n\t\t\t\t<div class=\"elementor-element elementor-element-1b09761e e-con-full e-flex e-con e-parent\" data-id=\"1b09761e\" data-element_type=\"container\" data-settings=\"{&quot;background_background&quot;:&quot;classic&quot;,&quot;_ha_eqh_enable&quot;:false}\">\n\t\t\t\t<div class=\"elementor-element elementor-element-73dd2963 elementor-widget elementor-widget-heading\" data-id=\"73dd2963\" data-element_type=\"widget\" data-widget_type=\"heading.default\">\n\t\t\t\t<div class=\"elementor-widget-container\">\n\t\t\t\t\t<h1 class=\"elementor-heading-title elementor-size-default\">Fen\u00eatres de Toit  VELUX<\/h1>\t\t\t\t<\/div>\n\t\t\t\t<\/div>\n\t\t\t\t<\/div>\n\t\t<div class=\"elementor-element elementor-element-35f1fb8a e-flex e-con-boxed e-con e-parent\" data-id=\"35f1fb8a\" data-element_type=\"container\" data-settings=\"{&quot;_ha_eqh_enable&quot;:false}\">\n\t\t\t\t\t<div class=\"e-con-inner\">\n\t\t<div class=\"elementor-element elementor-element-426bdcfc e-con-full e-flex e-con e-child\" data-id=\"426bdcfc\" data-element_type=\"container\" data-settings=\"{&quot;_ha_eqh_enable&quot;:false}\">\n\t\t\t\t<div class=\"elementor-element elementor-element-c7c780d elementor-widget elementor-widget-heading\" data-id=\"c7c780d\" data-element_type=\"widget\" data-widget_type=\"heading.default\">\n\t\t\t\t<div class=\"elementor-widget-container\">\n\t\t\t\t\t<h2 class=\"elementor-heading-title elementor-size-default\">Les avantages des fen\u00eatres de toit (type Velux)<\/h2>\t\t\t\t<\/div>\n\t\t\t\t<\/div>\n\t\t\t\t<div class=\"elementor-element elementor-element-fc80b74 elementor-widget elementor-widget-text-editor\" data-id=\"fc80b74\" data-element_type=\"widget\" data-widget_type=\"text-editor.default\">\n\t\t\t\t<div class=\"elementor-widget-container\">\n\t\t\t\t\t\t\t\t\t<h3 data-start=\"163\" data-end=\"533\">Plus de lumi\u00e8re, plus de confort sous votre toit<\/h3><p data-start=\"163\" data-end=\"533\">\u00a0<\/p><p data-start=\"163\" data-end=\"533\">Installer une fen\u00eatre de toit, c\u2019est transformer un comble sombre en un espace agr\u00e9able, lumineux et habitable.<br data-start=\"329\" data-end=\"332\" \/>Chez Olin Couverture, nous assurons la pose, le remplacement ou la r\u00e9novation de vos fen\u00eatres de toit (type Velux), avec une finition soign\u00e9e, parfaitement \u00e9tanche et int\u00e9gr\u00e9e \u00e0 votre couverture.<\/p><h3 data-start=\"535\" data-end=\"748\">\u00a0<\/h3><h3 data-start=\"535\" data-end=\"748\">Une installation adapt\u00e9e \u00e0 chaque toiture<\/h3><p data-start=\"535\" data-end=\"748\">\u00a0<\/p><p data-start=\"535\" data-end=\"748\">Avant toute intervention, nous \u00e9tudions la configuration de votre toit (inclinaison, charpente, type de couverture) afin de vous proposer une solution sur mesure :<\/p><ul data-start=\"750\" data-end=\"931\"><li data-start=\"750\" data-end=\"788\"><p data-start=\"752\" data-end=\"788\">Fen\u00eatre \u00e0 rotation ou \u00e0 projection<\/p><\/li><li data-start=\"789\" data-end=\"824\"><p data-start=\"791\" data-end=\"824\">Finition bois, PVC ou aluminium<\/p><\/li><li data-start=\"825\" data-end=\"869\"><p data-start=\"827\" data-end=\"869\">Ouverture manuelle, motoris\u00e9e ou solaire<\/p><\/li><li data-start=\"870\" data-end=\"931\"><p data-start=\"872\" data-end=\"931\">Pose sur tous types de toitures : tuiles, ardoises, zinc\u2026<\/p><\/li><\/ul><p data-start=\"933\" data-end=\"1259\">\u00a0<\/p><p data-start=\"933\" data-end=\"1259\">Nos prestations incluent :<\/p><p data-start=\"933\" data-end=\"1259\">\u2705 D\u00e9coupe et renfort de la charpente si n\u00e9cessaire<\/p><p data-start=\"933\" data-end=\"1259\">\u2705 Pose du cadre et de la fen\u00eatre de toit<\/p><p data-start=\"933\" data-end=\"1259\">\u2705 \u00c9tanch\u00e9it\u00e9 compl\u00e8te (raccords, solins, bavettes)<\/p><p data-start=\"933\" data-end=\"1259\">\u2705 Isolation p\u00e9riph\u00e9rique<\/p><p data-start=\"933\" data-end=\"1259\">\u2705 Remplacement d\u2019un Velux ancien ou d\u00e9fectueux<\/p><p data-start=\"933\" data-end=\"1259\">\u2705 Installation de volets roulants ou stores occultants (en option)<\/p><h3 data-start=\"1261\" data-end=\"1565\">\u00a0<\/h3><h3 data-start=\"1261\" data-end=\"1565\">Confort \u2013 Isolation \u2013 Esth\u00e9tique<\/h3><p data-start=\"1261\" data-end=\"1565\">\u00a0<\/p><p data-start=\"1261\" data-end=\"1565\">Une fen\u00eatre de toit bien pos\u00e9e apporte lumi\u00e8re naturelle, a\u00e9ration et confort thermique.<br data-start=\"1388\" data-end=\"1391\" \/>Chez Olin Couverture, toutes nos interventions sont r\u00e9alis\u00e9es dans les r\u00e8gles de l\u2019art, avec des produits Velux ou \u00e9quivalents, et b\u00e9n\u00e9ficient d\u2019une garantie d\u00e9cennale.<\/p><p data-start=\"1567\" data-end=\"1732\">\u00a0<\/p><p data-start=\"1567\" data-end=\"1732\">Envie d\u2019apporter plus de lumi\u00e8re \u00e0 vos combles ?<\/p><p data-start=\"1567\" data-end=\"1732\">Contactez Olin Couverture pour une \u00e9tude gratuite et sans engagement de votre projet de fen\u00eatre de toit.<\/p>\t\t\t\t\t\t\t\t<\/div>\n\t\t\t\t<\/div>\n\t\t\t\t<div class=\"elementor-element elementor-element-892a805 elementor-widget elementor-widget-image\" data-id=\"892a805\" data-element_type=\"widget\" data-widget_type=\"image.default\">\n\t\t\t\t<div class=\"elementor-widget-container\">\n\t\t\t\t\t\t\t\t\t\t\t\t\t\t\t<img fetchpriority=\"high\" decoding=\"async\" width=\"2560\" height=\"1707\" src=\"https:\/\/www.olin-couverture.fr\/wp-content\/uploads\/2025\/08\/582-scaled.webp\" class=\"attachment-full size-full wp-image-5469\" alt=\"\" srcset=\"https:\/\/www.olin-couverture.fr\/wp-content\/uploads\/2025\/08\/582-scaled.webp 2560w, https:\/\/www.olin-couverture.fr\/wp-content\/uploads\/2025\/08\/582-300x200.webp 300w, https:\/\/www.olin-couverture.fr\/wp-content\/uploads\/2025\/08\/582-1024x683.webp 1024w, https:\/\/www.olin-couverture.fr\/wp-content\/uploads\/2025\/08\/582-768x512.webp 768w, https:\/\/www.olin-couverture.fr\/wp-content\/uploads\/2025\/08\/582-1536x1024.webp 1536w, https:\/\/www.olin-couverture.fr\/wp-content\/uploads\/2025\/08\/582-2048x1365.webp 2048w\" sizes=\"(max-width: 2560px) 100vw, 2560px\" \/>\t\t\t\t\t\t\t\t\t\t\t\t\t\t\t<\/div>\n\t\t\t\t<\/div>\n\t\t\t\t<div class=\"elementor-element elementor-element-7a13e7a5 elementor-widget elementor-widget-heading\" data-id=\"7a13e7a5\" data-element_type=\"widget\" data-widget_type=\"heading.default\">\n\t\t\t\t<div class=\"elementor-widget-container\">\n\t\t\t\t\t<h2 class=\"elementor-heading-title elementor-size-default\">Les \u00e9quipements de vos fen\u00eatres de toit VELUX<\/h2>\t\t\t\t<\/div>\n\t\t\t\t<\/div>\n\t\t\t\t<div class=\"elementor-element elementor-element-23f07cee elementor-widget elementor-widget-text-editor\" data-id=\"23f07cee\" data-element_type=\"widget\" data-widget_type=\"text-editor.default\">\n\t\t\t\t<div class=\"elementor-widget-container\">\n\t\t\t\t\t\t\t\t\t<p data-start=\"158\" data-end=\"362\">Pour am\u00e9liorer votre confort au quotidien, Olin Couverture \u00e9quipe vos fen\u00eatres de toit avec une large gamme d\u2019accessoires et d\u2019\u00e9quipements Velux\u00ae.<\/p><p data-start=\"364\" data-end=\"653\">\u00a0<\/p><p data-start=\"364\" data-end=\"653\">Selon vos besoins, nous installons stores, volets roulants \u00e9lectriques ou solaires, afin de vous offrir une protection optimale contre la chaleur, la lumi\u00e8re et les regards indiscrets. Ces solutions permettent aussi de r\u00e9guler pr\u00e9cis\u00e9ment la temp\u00e9rature et la luminosit\u00e9 dans vos pi\u00e8ces.<\/p><p data-start=\"655\" data-end=\"790\">\u00a0<\/p><p data-start=\"655\" data-end=\"790\">Et parce que la maison connect\u00e9e devient incontournable, nous vous proposons la solution intelligente Velux\u00ae Active with Netatmo.<\/p><p data-start=\"792\" data-end=\"1117\">Gr\u00e2ce \u00e0 cette box connect\u00e9e \u00e0 votre r\u00e9seau Wi-Fi, vous pilotez vos fen\u00eatres, volets et stores \u00e0 distance depuis votre smartphone.<br data-start=\"921\" data-end=\"924\" \/>\u00c9quip\u00e9e de capteurs de CO\u2082, de temp\u00e9rature et d\u2019humidit\u00e9, elle ajuste automatiquement l\u2019ouverture des \u00e9quipements pour garantir un confort optimal et une meilleure qualit\u00e9 de l\u2019air int\u00e9rieur.<\/p>\t\t\t\t\t\t\t\t<\/div>\n\t\t\t\t<\/div>\n\t\t\t\t<\/div>\n\t\t<div class=\"elementor-element elementor-element-484abeb7 e-con-full e-flex e-con e-child\" data-id=\"484abeb7\" data-element_type=\"container\" data-settings=\"{&quot;_ha_eqh_enable&quot;:false}\">\n\t\t<div class=\"elementor-element elementor-element-379f4004 e-con-full e-flex e-con e-child\" data-id=\"379f4004\" data-element_type=\"container\" data-settings=\"{&quot;background_background&quot;:&quot;classic&quot;,&quot;_ha_eqh_enable&quot;:false}\">\n\t\t\t\t<div class=\"elementor-element elementor-element-5c35450a elementor-widget-tablet__width-initial elementor-widget elementor-widget-ehome-contact-form-widget\" data-id=\"5c35450a\" data-element_type=\"widget\" data-widget_type=\"ehome-contact-form-widget.default\">\n\t\t\t\t<div class=\"elementor-widget-container\">\n\t\t\t\t\t\r\n\r\n\t\r\n\r\n\t<div class=\"contact-wrapper\">\r\n\t\t<div class=\"contact-items\">\r\n\t\t\t<h3>DEVIS GRATUIT<\/h3>\r\n\t\t\t\n<div class=\"wpcf7 no-js\" id=\"wpcf7-f2979-o1\" lang=\"en-US\" dir=\"ltr\" data-wpcf7-id=\"2979\">\n<div class=\"screen-reader-response\"><p role=\"status\" aria-live=\"polite\" aria-atomic=\"true\"><\/p> <ul><\/ul><\/div>\n<form action=\"\/index.php?rest_route=%2Fwp%2Fv2%2Fpages%2F3508#wpcf7-f2979-o1\" method=\"post\" class=\"wpcf7-form init\" aria-label=\"Contact form\" novalidate=\"novalidate\" data-status=\"init\">\n<fieldset class=\"hidden-fields-container\"><input type=\"hidden\" name=\"_wpcf7\" value=\"2979\" \/><input type=\"hidden\" name=\"_wpcf7_version\" value=\"6.1.5\" \/><input type=\"hidden\" name=\"_wpcf7_locale\" value=\"en_US\" \/><input type=\"hidden\" name=\"_wpcf7_unit_tag\" value=\"wpcf7-f2979-o1\" \/><input type=\"hidden\" name=\"_wpcf7_container_post\" value=\"0\" \/><input type=\"hidden\" name=\"_wpcf7_posted_data_hash\" value=\"\" \/>\n<\/fieldset>\n<div class=\"row g-4\">\n    <div class=\"col-lg-12 wow fadeInUp\">\n        <div class=\"form-clt\">\n            <span class=\"wpcf7-form-control-wrap\" data-name=\"text-437\"><input size=\"40\" maxlength=\"400\" class=\"wpcf7-form-control wpcf7-text\" aria-invalid=\"false\" placeholder=\"Nom\" value=\"\" type=\"text\" name=\"text-437\" \/><\/span>           \n        <\/div>\n    <\/div>\n  \n    <div class=\"col-lg-12 wow fadeInUp\">\n        <div class=\"form-clt\">\n            <span class=\"wpcf7-form-control-wrap\" data-name=\"tel-478\"><input size=\"40\" maxlength=\"400\" class=\"wpcf7-form-control wpcf7-tel wpcf7-text wpcf7-validates-as-tel\" aria-invalid=\"false\" placeholder=\"T\u00e9l\u00e9phone\" value=\"\" type=\"tel\" name=\"tel-478\" \/><\/span>\n        <\/div>\n    <\/div>\n    <div class=\"col-lg-12 wow fadeInUp\">\n        <div class=\"form-clt\">\n            <span class=\"wpcf7-form-control-wrap\" data-name=\"email-879\"><input size=\"40\" maxlength=\"400\" class=\"wpcf7-form-control wpcf7-email wpcf7-validates-as-required wpcf7-text wpcf7-validates-as-email\" aria-required=\"true\" aria-invalid=\"false\" placeholder=\"Email\" value=\"\" type=\"email\" name=\"email-879\" \/><\/span>\n        <\/div>\n    <\/div>\n    <div class=\"col-lg-12 wow fadeInUp\">\n        <div class=\"form-clt\">\n            <span class=\"wpcf7-form-control-wrap\" data-name=\"textarea-515\"><textarea cols=\"40\" rows=\"10\" maxlength=\"2000\" class=\"wpcf7-form-control wpcf7-textarea\" aria-invalid=\"false\" placeholder=\"Message\" name=\"textarea-515\"><\/textarea><\/span>\n        <\/div>\n    <\/div>\n    <div class=\"col-lg-12 wow fadeInUp\">\n        <button type=\"submit\" class=\"theme-btn w-100\">\n            ENVOYER\n        <\/button>\n    <\/div>\n<\/div><div class=\"wpcf7-response-output\" aria-hidden=\"true\"><\/div>\n<\/form>\n<\/div>\n\t\t<\/div>    \r\n    <\/div>\r\n\r\n\t\r\n\r\n             \r\n\t\t\t\t\t\t<\/div>\n\t\t\t\t<\/div>\n\t\t\t\t<\/div>\n\t\t\t\t<\/div>\n\t\t\t\t\t<\/div>\n\t\t\t\t<\/div>\n\t\t\t\t<\/div>\n\t\t","protected":false},"excerpt":{"rendered":"<p>Fen\u00eatres de Toit VELUX Les avantages des fen\u00eatres de toit (type Velux) Plus de lumi\u00e8re, plus de confort sous votre toit \u00a0 Installer une fen\u00eatre de toit, c\u2019est transformer un comble sombre en un espace agr\u00e9able, lumineux et habitable.Chez Olin Couverture, nous assurons la pose, le remplacement ou la r\u00e9novation de vos fen\u00eatres de toit<\/p>\n","protected":false},"author":2,"featured_media":0,"parent":0,"menu_order":0,"comment_status":"closed","ping_status":"closed","template":"elementor_header_footer","meta":{"inline_featured_image":false,"footnotes":""},"class_list":["post-3508","page","type-page","status-publish","hentry"],"aioseo_notices":[],"_links":{"self":[{"href":"https:\/\/www.olin-couverture.fr\/index.php?rest_route=\/wp\/v2\/pages\/3508","targetHints":{"allow":["GET"]}}],"collection":[{"href":"https:\/\/www.olin-couverture.fr\/index.php?rest_route=\/wp\/v2\/pages"}],"about":[{"href":"https:\/\/www.olin-couverture.fr\/index.php?rest_route=\/wp\/v2\/types\/page"}],"author":[{"embeddable":true,"href":"https:\/\/www.olin-couverture.fr\/index.php?rest_route=\/wp\/v2\/users\/2"}],"replies":[{"embeddable":true,"href":"https:\/\/www.olin-couverture.fr\/index.php?rest_route=%2Fwp%2Fv2%2Fcomments&post=3508"}],"version-history":[{"count":0,"href":"https:\/\/www.olin-couverture.fr\/index.php?rest_route=\/wp\/v2\/pages\/3508\/revisions"}],"wp:attachment":[{"href":"https:\/\/www.olin-couverture.fr\/index.php?rest_route=%2Fwp%2Fv2%2Fmedia&parent=3508"}],"curies":[{"name":"wp","href":"https:\/\/api.w.org\/{rel}","templated":true}]}}