{"id":3327,"date":"2025-03-20T13:11:01","date_gmt":"2025-03-20T13:11:01","guid":{"rendered":"https:\/\/www.normandie-couverture.com\/?page_id=3327"},"modified":"2025-08-11T12:18:00","modified_gmt":"2025-08-11T12:18:00","slug":"services-reparation","status":"publish","type":"page","link":"https:\/\/www.olin-couverture.fr\/?page_id=3327","title":{"rendered":"Services R\u00e9paration"},"content":{"rendered":"\t\t<div data-elementor-type=\"wp-page\" data-elementor-id=\"3327\" class=\"elementor elementor-3327\" data-elementor-settings=\"{&quot;ha_cmc_init_switcher&quot;:&quot;no&quot;}\">\n\t\t\t\t<div class=\"elementor-element elementor-element-1b09761e e-con-full e-flex e-con e-parent\" data-id=\"1b09761e\" data-element_type=\"container\" data-settings=\"{&quot;background_background&quot;:&quot;classic&quot;,&quot;_ha_eqh_enable&quot;:false}\">\n\t\t\t\t<div class=\"elementor-element elementor-element-73dd2963 elementor-widget elementor-widget-heading\" data-id=\"73dd2963\" data-element_type=\"widget\" data-widget_type=\"heading.default\">\n\t\t\t\t<div class=\"elementor-widget-container\">\n\t\t\t\t\t<h1 class=\"elementor-heading-title elementor-size-default\">R\u00e9paration & R\u00e9novation de Toiture<\/h1>\t\t\t\t<\/div>\n\t\t\t\t<\/div>\n\t\t\t\t<\/div>\n\t\t<div class=\"elementor-element elementor-element-35f1fb8a e-flex e-con-boxed e-con e-parent\" data-id=\"35f1fb8a\" data-element_type=\"container\" data-settings=\"{&quot;_ha_eqh_enable&quot;:false}\">\n\t\t\t\t\t<div class=\"e-con-inner\">\n\t\t<div class=\"elementor-element elementor-element-426bdcfc e-con-full e-flex e-con e-child\" data-id=\"426bdcfc\" data-element_type=\"container\" data-settings=\"{&quot;_ha_eqh_enable&quot;:false}\">\n\t\t\t\t<div class=\"elementor-element elementor-element-c7c780d elementor-widget elementor-widget-heading\" data-id=\"c7c780d\" data-element_type=\"widget\" data-widget_type=\"heading.default\">\n\t\t\t\t<div class=\"elementor-widget-container\">\n\t\t\t\t\t<h2 class=\"elementor-heading-title elementor-size-default\">OLIN COUVERTURE : Expert couvreur dans le Nord\u2013Pas-de-Calais<\/h2>\t\t\t\t<\/div>\n\t\t\t\t<\/div>\n\t\t\t\t<div class=\"elementor-element elementor-element-f7f4350 elementor-widget elementor-widget-text-editor\" data-id=\"f7f4350\" data-element_type=\"widget\" data-widget_type=\"text-editor.default\">\n\t\t\t\t<div class=\"elementor-widget-container\">\n\t\t\t\t\t\t\t\t\t<h3 data-start=\"133\" data-end=\"539\">R\u00e9novation ou r\u00e9paration de votre toiture ?<\/h3><p data-start=\"133\" data-end=\"539\">\u00a0<\/p><p data-start=\"133\" data-end=\"539\">Une couverture us\u00e9e, ab\u00eem\u00e9e ou non conforme peut causer des infiltrations, des pertes d\u2019\u00e9nergie et fragiliser la charpente.<\/p><p data-start=\"133\" data-end=\"539\">Chez Olin Couverture, nous intervenons pour remettre votre toiture en \u00e9tat, partiellement ou totalement, avec des mat\u00e9riaux adapt\u00e9s : tuiles, ardoises, zinc\u2026<\/p><p data-start=\"541\" data-end=\"696\">R\u00e9nover \u00e0 temps, c\u2019est prolonger la dur\u00e9e de vie de votre toit, am\u00e9liorer l\u2019isolation et valoriser votre bien immobilier dans tout le Nord\u2013Pas-de-Calais.<\/p><p data-start=\"698\" data-end=\"1011\">\u00a0<\/p><h3 data-start=\"698\" data-end=\"1011\">Un savoir-faire complet pour une toiture durable<\/h3><p data-start=\"698\" data-end=\"1011\">\u00a0<\/p><p data-start=\"698\" data-end=\"1011\">Avant chaque chantier, nous effectuons un diagnostic complet de votre toiture : couverture, isolation, zinguerie et \u00e9tat de la charpente.<br data-start=\"890\" data-end=\"893\" \/>Cette analyse pr\u00e9cise nous permet de vous proposer une solution sur mesure, adapt\u00e9e \u00e0 votre toit et \u00e0 vos priorit\u00e9s.<\/p><p data-start=\"1013\" data-end=\"1374\">Selon vos besoins, nos interventions peuvent inclure : traitement de la charpente (pr\u00e9ventif ou curatif), d\u00e9pose de l\u2019ancienne couverture, travaux de ma\u00e7onnerie si n\u00e9cessaire, pose de nouveaux mat\u00e9riaux (tuiles, ardoises, zinc), reprise de l\u2019\u00e9cran sous-toiture, renfort de charpente, am\u00e9lioration de l\u2019isolation thermique et r\u00e9vision compl\u00e8te de la zinguerie.<\/p><p data-start=\"1376\" data-end=\"1579\">Chaque r\u00e9alisation est effectu\u00e9e dans les r\u00e8gles de l\u2019art, avec des mat\u00e9riaux durables et couverte par une garantie d\u00e9cennale, pour vous assurer tranquillit\u00e9, s\u00e9curit\u00e9 et performance sur le long terme.<\/p><p data-start=\"1581\" data-end=\"1976\">\u00a0<\/p><h3 data-start=\"1581\" data-end=\"1976\">Un accompagnement de A \u00e0 Z<\/h3><p data-start=\"1581\" data-end=\"1976\">\u00a0<\/p><p data-start=\"1581\" data-end=\"1976\">Chez Olin Couverture, nous vous accompagnons \u00e0 chaque \u00e9tape : du diagnostic initial \u00e0 la r\u00e9ception des travaux.<br data-start=\"1729\" data-end=\"1732\" \/>Nous d\u00e9taillons clairement nos solutions, les mat\u00e9riaux utilis\u00e9s et les d\u00e9lais d\u2019intervention.<br data-start=\"1826\" data-end=\"1829\" \/>Pas de mauvaises surprises : chaque client b\u00e9n\u00e9ficie d\u2019un devis pr\u00e9cis, d\u2019un suivi r\u00e9gulier et d\u2019une intervention conforme aux normes en vigueur.<\/p><p data-start=\"1978\" data-end=\"2082\">\u00a0<\/p><p data-start=\"1978\" data-end=\"2082\">Notre priorit\u00e9 : votre tranquillit\u00e9, la durabilit\u00e9 de votre toiture et votre enti\u00e8re satisfaction.<\/p><p data-start=\"2084\" data-end=\"2150\">Contactez-nous d\u00e8s aujourd\u2019hui pour une \u00e9valuation gratuite.<\/p>\t\t\t\t\t\t\t\t<\/div>\n\t\t\t\t<\/div>\n\t\t\t\t<div class=\"elementor-element elementor-element-b49383b elementor-widget elementor-widget-image\" data-id=\"b49383b\" data-element_type=\"widget\" data-widget_type=\"image.default\">\n\t\t\t\t<div class=\"elementor-widget-container\">\n\t\t\t\t\t\t\t\t\t\t\t\t\t\t\t<img fetchpriority=\"high\" decoding=\"async\" width=\"1023\" height=\"684\" src=\"https:\/\/www.olin-couverture.fr\/wp-content\/uploads\/2025\/08\/1102.png\" class=\"attachment-full size-full wp-image-5459\" alt=\"\" srcset=\"https:\/\/www.olin-couverture.fr\/wp-content\/uploads\/2025\/08\/1102.png 1023w, https:\/\/www.olin-couverture.fr\/wp-content\/uploads\/2025\/08\/1102-300x201.png 300w, https:\/\/www.olin-couverture.fr\/wp-content\/uploads\/2025\/08\/1102-768x514.png 768w\" sizes=\"(max-width: 1023px) 100vw, 1023px\" \/>\t\t\t\t\t\t\t\t\t\t\t\t\t\t\t<\/div>\n\t\t\t\t<\/div>\n\t\t\t\t<div class=\"elementor-element elementor-element-7a13e7a5 elementor-widget elementor-widget-heading\" data-id=\"7a13e7a5\" data-element_type=\"widget\" data-widget_type=\"heading.default\">\n\t\t\t\t<div class=\"elementor-widget-container\">\n\t\t\t\t\t<h2 class=\"elementor-heading-title elementor-size-default\">OLIN COUVERTURE : Un service de qualit\u00e9 pour la r\u00e9paration de toiture \u00e0 Lens et tout le Nord\u2013Pas-de-Calais<\/h2>\t\t\t\t<\/div>\n\t\t\t\t<\/div>\n\t\t\t\t<div class=\"elementor-element elementor-element-23f07cee elementor-widget elementor-widget-text-editor\" data-id=\"23f07cee\" data-element_type=\"widget\" data-widget_type=\"text-editor.default\">\n\t\t\t\t<div class=\"elementor-widget-container\">\n\t\t\t\t\t\t\t\t\t<p data-start=\"286\" data-end=\"690\">Notre entreprise, sp\u00e9cialis\u00e9e dans la r\u00e9paration et l\u2019entretien de toitures, intervient pour restaurer, prot\u00e9ger et prolonger la dur\u00e9e de vie de votre toit face aux intemp\u00e9ries.<\/p><p data-start=\"286\" data-end=\"690\">\u00a0<\/p><p data-start=\"286\" data-end=\"690\">Bas\u00e9e \u00e0 Lens, Olin Couverture met \u00e0 votre service une \u00e9quipe d\u2019artisans qualifi\u00e9s pour assurer la r\u00e9paration, la r\u00e9novation et la maintenance de votre toiture, avec des solutions sur mesure adapt\u00e9es \u00e0 chaque situation.<\/p><p data-start=\"692\" data-end=\"1023\">Si votre toiture est ancienne, endommag\u00e9e ou simplement ternie, nous pouvons la r\u00e9parer, la recolorer ou la remplacer selon vos besoins et vos envies.<\/p><p data-start=\"692\" data-end=\"1023\">\u00a0<\/p><p data-start=\"692\" data-end=\"1023\">Nous proposons \u00e9galement le nettoyage, le d\u00e9moussage et l\u2019application de traitements hydrofuges pour renforcer l\u2019\u00e9tanch\u00e9it\u00e9 et am\u00e9liorer la protection contre les infiltrations.<\/p><p data-start=\"1025\" data-end=\"1419\">La r\u00e9paration de toiture est un travail exigeant, qui demande pr\u00e9cision et expertise.<br data-start=\"1110\" data-end=\"1113\" \/>Pour \u00e9viter que les d\u00e9g\u00e2ts ne s\u2019aggravent, il est essentiel de faire appel \u00e0 des professionnels exp\u00e9riment\u00e9s.<\/p><p data-start=\"1025\" data-end=\"1419\">\u00a0<\/p><p data-start=\"1025\" data-end=\"1419\">Forte de plus de 10 ans d\u2019exp\u00e9rience, l\u2019\u00e9quipe d\u2019Olin Couverture garantit des interventions rapides, efficaces et durables pour assurer la protection de votre habitation sur le long terme.<\/p><p data-start=\"1421\" data-end=\"1573\">N\u00e9gliger l\u2019entretien de votre toit peut avoir de lourdes cons\u00e9quences sur la structure de votre maison, compromettant votre confort et votre s\u00e9curit\u00e9.<\/p><p data-start=\"1575\" data-end=\"1679\">Faites confiance \u00e0 Olin Couverture pour un travail soign\u00e9, fiable et conforme aux r\u00e8gles de l\u2019art.<\/p><p data-start=\"1681\" data-end=\"1809\">Contactez-nous d\u00e8s aujourd\u2019hui pour un devis gratuit et une intervention rapide \u00e0 Lens et dans tout le Nord\u2013Pas-de-Calais.<\/p>\t\t\t\t\t\t\t\t<\/div>\n\t\t\t\t<\/div>\n\t\t\t\t<\/div>\n\t\t<div class=\"elementor-element elementor-element-484abeb7 e-con-full e-flex e-con e-child\" data-id=\"484abeb7\" data-element_type=\"container\" data-settings=\"{&quot;_ha_eqh_enable&quot;:false}\">\n\t\t<div class=\"elementor-element elementor-element-379f4004 e-con-full e-flex e-con e-child\" data-id=\"379f4004\" data-element_type=\"container\" data-settings=\"{&quot;background_background&quot;:&quot;classic&quot;,&quot;_ha_eqh_enable&quot;:false}\">\n\t\t\t\t<div class=\"elementor-element elementor-element-5c35450a elementor-widget-tablet__width-initial elementor-widget elementor-widget-ehome-contact-form-widget\" data-id=\"5c35450a\" data-element_type=\"widget\" data-widget_type=\"ehome-contact-form-widget.default\">\n\t\t\t\t<div class=\"elementor-widget-container\">\n\t\t\t\t\t\r\n\r\n\t\r\n\r\n\t<div class=\"contact-wrapper\">\r\n\t\t<div class=\"contact-items\">\r\n\t\t\t<h3>DEVIS GRATUIT<\/h3>\r\n\t\t\t\n<div class=\"wpcf7 no-js\" id=\"wpcf7-f2979-o1\" lang=\"en-US\" dir=\"ltr\" data-wpcf7-id=\"2979\">\n<div class=\"screen-reader-response\"><p role=\"status\" aria-live=\"polite\" aria-atomic=\"true\"><\/p> <ul><\/ul><\/div>\n<form action=\"\/index.php?rest_route=%2Fwp%2Fv2%2Fpages%2F3327#wpcf7-f2979-o1\" method=\"post\" class=\"wpcf7-form init\" aria-label=\"Contact form\" novalidate=\"novalidate\" data-status=\"init\">\n<fieldset class=\"hidden-fields-container\"><input type=\"hidden\" name=\"_wpcf7\" value=\"2979\" \/><input type=\"hidden\" name=\"_wpcf7_version\" value=\"6.1.5\" \/><input type=\"hidden\" name=\"_wpcf7_locale\" value=\"en_US\" \/><input type=\"hidden\" name=\"_wpcf7_unit_tag\" value=\"wpcf7-f2979-o1\" \/><input type=\"hidden\" name=\"_wpcf7_container_post\" value=\"0\" \/><input type=\"hidden\" name=\"_wpcf7_posted_data_hash\" value=\"\" \/>\n<\/fieldset>\n<div class=\"row g-4\">\n    <div class=\"col-lg-12 wow fadeInUp\">\n        <div class=\"form-clt\">\n            <span class=\"wpcf7-form-control-wrap\" data-name=\"text-437\"><input size=\"40\" maxlength=\"400\" class=\"wpcf7-form-control wpcf7-text\" aria-invalid=\"false\" placeholder=\"Nom\" value=\"\" type=\"text\" name=\"text-437\" \/><\/span>           \n        <\/div>\n    <\/div>\n  \n    <div class=\"col-lg-12 wow fadeInUp\">\n        <div class=\"form-clt\">\n            <span class=\"wpcf7-form-control-wrap\" data-name=\"tel-478\"><input size=\"40\" maxlength=\"400\" class=\"wpcf7-form-control wpcf7-tel wpcf7-text wpcf7-validates-as-tel\" aria-invalid=\"false\" placeholder=\"T\u00e9l\u00e9phone\" value=\"\" type=\"tel\" name=\"tel-478\" \/><\/span>\n        <\/div>\n    <\/div>\n    <div class=\"col-lg-12 wow fadeInUp\">\n        <div class=\"form-clt\">\n            <span class=\"wpcf7-form-control-wrap\" data-name=\"email-879\"><input size=\"40\" maxlength=\"400\" class=\"wpcf7-form-control wpcf7-email wpcf7-validates-as-required wpcf7-text wpcf7-validates-as-email\" aria-required=\"true\" aria-invalid=\"false\" placeholder=\"Email\" value=\"\" type=\"email\" name=\"email-879\" \/><\/span>\n        <\/div>\n    <\/div>\n    <div class=\"col-lg-12 wow fadeInUp\">\n        <div class=\"form-clt\">\n            <span class=\"wpcf7-form-control-wrap\" data-name=\"textarea-515\"><textarea cols=\"40\" rows=\"10\" maxlength=\"2000\" class=\"wpcf7-form-control wpcf7-textarea\" aria-invalid=\"false\" placeholder=\"Message\" name=\"textarea-515\"><\/textarea><\/span>\n        <\/div>\n    <\/div>\n    <div class=\"col-lg-12 wow fadeInUp\">\n        <button type=\"submit\" class=\"theme-btn w-100\">\n            ENVOYER\n        <\/button>\n    <\/div>\n<\/div><div class=\"wpcf7-response-output\" aria-hidden=\"true\"><\/div>\n<\/form>\n<\/div>\n\t\t<\/div>    \r\n    <\/div>\r\n\r\n\t\r\n\r\n             \r\n\t\t\t\t\t\t<\/div>\n\t\t\t\t<\/div>\n\t\t\t\t<\/div>\n\t\t\t\t<\/div>\n\t\t\t\t\t<\/div>\n\t\t\t\t<\/div>\n\t\t\t\t<\/div>\n\t\t","protected":false},"excerpt":{"rendered":"<p>R\u00e9paration &#038; R\u00e9novation de Toiture OLIN COUVERTURE : Expert couvreur dans le Nord\u2013Pas-de-Calais R\u00e9novation ou r\u00e9paration de votre toiture ? \u00a0 Une couverture us\u00e9e, ab\u00eem\u00e9e ou non conforme peut causer des infiltrations, des pertes d\u2019\u00e9nergie et fragiliser la charpente. Chez Olin Couverture, nous intervenons pour remettre votre toiture en \u00e9tat, partiellement ou totalement, avec des<\/p>\n","protected":false},"author":2,"featured_media":0,"parent":0,"menu_order":0,"comment_status":"closed","ping_status":"closed","template":"elementor_header_footer","meta":{"inline_featured_image":false,"footnotes":""},"class_list":["post-3327","page","type-page","status-publish","hentry"],"aioseo_notices":[],"_links":{"self":[{"href":"https:\/\/www.olin-couverture.fr\/index.php?rest_route=\/wp\/v2\/pages\/3327","targetHints":{"allow":["GET"]}}],"collection":[{"href":"https:\/\/www.olin-couverture.fr\/index.php?rest_route=\/wp\/v2\/pages"}],"about":[{"href":"https:\/\/www.olin-couverture.fr\/index.php?rest_route=\/wp\/v2\/types\/page"}],"author":[{"embeddable":true,"href":"https:\/\/www.olin-couverture.fr\/index.php?rest_route=\/wp\/v2\/users\/2"}],"replies":[{"embeddable":true,"href":"https:\/\/www.olin-couverture.fr\/index.php?rest_route=%2Fwp%2Fv2%2Fcomments&post=3327"}],"version-history":[{"count":0,"href":"https:\/\/www.olin-couverture.fr\/index.php?rest_route=\/wp\/v2\/pages\/3327\/revisions"}],"wp:attachment":[{"href":"https:\/\/www.olin-couverture.fr\/index.php?rest_route=%2Fwp%2Fv2%2Fmedia&parent=3327"}],"curies":[{"name":"wp","href":"https:\/\/api.w.org\/{rel}","templated":true}]}}