{"id":3208,"date":"2025-03-20T10:43:31","date_gmt":"2025-03-20T10:43:31","guid":{"rendered":"https:\/\/www.normandie-couverture.com\/?page_id=3208"},"modified":"2025-09-20T07:11:28","modified_gmt":"2025-09-20T07:11:28","slug":"couvreur","status":"publish","type":"page","link":"https:\/\/www.olin-couverture.fr\/?page_id=3208","title":{"rendered":"Services Couvreur"},"content":{"rendered":"\t\t<div data-elementor-type=\"wp-page\" data-elementor-id=\"3208\" class=\"elementor elementor-3208\" data-elementor-settings=\"{&quot;ha_cmc_init_switcher&quot;:&quot;no&quot;}\">\n\t\t\t\t<div class=\"elementor-element elementor-element-1b09761e e-con-full e-flex e-con e-parent\" data-id=\"1b09761e\" data-element_type=\"container\" data-settings=\"{&quot;background_background&quot;:&quot;classic&quot;,&quot;_ha_eqh_enable&quot;:false}\">\n\t\t\t\t<div class=\"elementor-element elementor-element-73dd2963 elementor-widget elementor-widget-heading\" data-id=\"73dd2963\" data-element_type=\"widget\" data-widget_type=\"heading.default\">\n\t\t\t\t<div class=\"elementor-widget-container\">\n\t\t\t\t\t<h1 class=\"elementor-heading-title elementor-size-default\">Couvreur \u00e0 Lens<\/h1>\t\t\t\t<\/div>\n\t\t\t\t<\/div>\n\t\t\t\t<\/div>\n\t\t<div class=\"elementor-element elementor-element-35f1fb8a e-flex e-con-boxed e-con e-parent\" data-id=\"35f1fb8a\" data-element_type=\"container\" data-settings=\"{&quot;_ha_eqh_enable&quot;:false}\">\n\t\t\t\t\t<div class=\"e-con-inner\">\n\t\t<div class=\"elementor-element elementor-element-426bdcfc e-con-full e-flex e-con e-child\" data-id=\"426bdcfc\" data-element_type=\"container\" data-settings=\"{&quot;_ha_eqh_enable&quot;:false}\">\n\t\t\t\t<div class=\"elementor-element elementor-element-c7c780d elementor-widget elementor-widget-heading\" data-id=\"c7c780d\" data-element_type=\"widget\" data-widget_type=\"heading.default\">\n\t\t\t\t<div class=\"elementor-widget-container\">\n\t\t\t\t\t<h2 class=\"elementor-heading-title elementor-size-default\">OLIN COUVERTURE : Votre couvreur \u00e0 Lens et dans tout le Nord\u2013Pas-de-Calais<\/h2>\t\t\t\t<\/div>\n\t\t\t\t<\/div>\n\t\t\t\t<div class=\"elementor-element elementor-element-7ada7c80 elementor-widget elementor-widget-text-editor\" data-id=\"7ada7c80\" data-element_type=\"widget\" data-widget_type=\"text-editor.default\">\n\t\t\t\t<div class=\"elementor-widget-container\">\n\t\t\t\t\t\t\t\t\t<p data-start=\"185\" data-end=\"386\">Le toit prot\u00e8ge votre maison, mais avec le temps, il peut s\u2019ab\u00eemer et perdre en efficacit\u00e9. Pour pr\u00e9server sa solidit\u00e9 et ses performances, l\u2019intervention d\u2019un professionnel qualifi\u00e9 est essentielle.<\/p><p data-start=\"185\" data-end=\"386\">\u00a0<\/p><p data-start=\"388\" data-end=\"700\">Sp\u00e9cialiste de la couverture, de l\u2019\u00e9tanch\u00e9it\u00e9, de la peinture et des fa\u00e7ades, <strong data-start=\"466\" data-end=\"485\">Olin Couverture<\/strong> vous propose des solutions sur mesure adapt\u00e9es \u00e0 tous types de toitures. Qu\u2019il s\u2019agisse d\u2019une r\u00e9paration, d\u2019une r\u00e9novation ou d\u2019un entretien, notre \u00e9quipe met tout son savoir-faire au service de votre habitation.<\/p><p data-start=\"702\" data-end=\"826\">Bas\u00e9s \u00e0 Lens, nous intervenons dans tout le Nord\u2013Pas-de-Calais pour garantir la protection et la durabilit\u00e9 de votre toit.<\/p>\t\t\t\t\t\t\t\t<\/div>\n\t\t\t\t<\/div>\n\t\t\t\t<div class=\"elementor-element elementor-element-e2e5c7e elementor-widget elementor-widget-image\" data-id=\"e2e5c7e\" data-element_type=\"widget\" data-widget_type=\"image.default\">\n\t\t\t\t<div class=\"elementor-widget-container\">\n\t\t\t\t\t\t\t\t\t\t\t\t\t\t\t<img fetchpriority=\"high\" decoding=\"async\" width=\"2560\" height=\"1707\" src=\"https:\/\/www.olin-couverture.fr\/wp-content\/uploads\/2025\/05\/AdobeStock_224395720-scaled.webp\" class=\"attachment-full size-full wp-image-4869\" alt=\"\" srcset=\"https:\/\/www.olin-couverture.fr\/wp-content\/uploads\/2025\/05\/AdobeStock_224395720-scaled.webp 2560w, https:\/\/www.olin-couverture.fr\/wp-content\/uploads\/2025\/05\/AdobeStock_224395720-300x200.webp 300w, https:\/\/www.olin-couverture.fr\/wp-content\/uploads\/2025\/05\/AdobeStock_224395720-1024x683.webp 1024w, https:\/\/www.olin-couverture.fr\/wp-content\/uploads\/2025\/05\/AdobeStock_224395720-768x512.webp 768w, https:\/\/www.olin-couverture.fr\/wp-content\/uploads\/2025\/05\/AdobeStock_224395720-1536x1024.webp 1536w, https:\/\/www.olin-couverture.fr\/wp-content\/uploads\/2025\/05\/AdobeStock_224395720-2048x1365.webp 2048w\" sizes=\"(max-width: 2560px) 100vw, 2560px\" \/>\t\t\t\t\t\t\t\t\t\t\t\t\t\t\t<\/div>\n\t\t\t\t<\/div>\n\t\t\t\t<div class=\"elementor-element elementor-element-7a13e7a5 elementor-widget elementor-widget-heading\" data-id=\"7a13e7a5\" data-element_type=\"widget\" data-widget_type=\"heading.default\">\n\t\t\t\t<div class=\"elementor-widget-container\">\n\t\t\t\t\t<h2 class=\"elementor-heading-title elementor-size-default\">DES ARTISANS COUVREURS au Service de Votre Toiture et Votre Fa\u00e7ade en Nord Pas-de-Calais<\/h2>\t\t\t\t<\/div>\n\t\t\t\t<\/div>\n\t\t\t\t<div class=\"elementor-element elementor-element-23f07cee elementor-widget elementor-widget-text-editor\" data-id=\"23f07cee\" data-element_type=\"widget\" data-widget_type=\"text-editor.default\">\n\t\t\t\t<div class=\"elementor-widget-container\">\n\t\t\t\t\t\t\t\t\t<h3 data-start=\"221\" data-end=\"518\">Bien plus qu\u2019une simple protection<\/h3><p data-start=\"221\" data-end=\"518\">\u00a0<\/p><p data-start=\"221\" data-end=\"518\">La toiture est une barri\u00e8re essentielle contre les intemp\u00e9ries, un \u00e9l\u00e9ment cl\u00e9 de l\u2019isolation thermique et un atout esth\u00e9tique majeur pour votre maison.<\/p><p data-start=\"221\" data-end=\"518\">Mal entretenue, une toiture perd rapidement en efficacit\u00e9 et peut engendrer des r\u00e9parations co\u00fbteuses.<\/p><p data-start=\"520\" data-end=\"589\">C\u2019est pourquoi faire appel \u00e0 un artisan qualifi\u00e9 est indispensable.<\/p><p data-start=\"591\" data-end=\"785\">\u00a0<\/p><p data-start=\"591\" data-end=\"785\"><strong data-start=\"591\" data-end=\"610\">Olin Couverture<\/strong>, entreprise locale bas\u00e9e \u00e0 Lens, intervient dans tout le Nord\u2013Pas-de-Calais pour vos travaux de couverture, zinguerie, fa\u00e7ades, ainsi que peinture int\u00e9rieure et ext\u00e9rieure.<\/p><p data-start=\"787\" data-end=\"938\">Fort de plus de 10 ans d\u2019exp\u00e9rience, notre savoir-faire artisanal garantit des prestations soign\u00e9es, durables et parfaitement adapt\u00e9es \u00e0 vos besoins.<\/p><h3 data-start=\"940\" data-end=\"1228\">\u00a0<\/h3><h3 data-start=\"940\" data-end=\"1228\">Nos services :<\/h3><p data-start=\"940\" data-end=\"1228\">\u00a0<\/p><p data-start=\"940\" data-end=\"1228\">\u2705 Pose, r\u00e9novation et r\u00e9paration de toiture<\/p><p data-start=\"940\" data-end=\"1228\">\u2705 Nettoyage complet et d\u00e9moussage de toitures<\/p><p data-start=\"940\" data-end=\"1228\">\u2705 Peinture de toiture et ravalement de fa\u00e7ade<\/p><p data-start=\"940\" data-end=\"1228\">\u2705 Peinture int\u00e9rieure et ext\u00e9rieure tous b\u00e2timents<\/p><p data-start=\"940\" data-end=\"1228\">\u2705 Travaux de zinguerie pour l\u2019\u00e9tanch\u00e9it\u00e9 et l\u2019\u00e9vacuation des eaux<\/p><p data-start=\"1230\" data-end=\"1335\">\u00a0<\/p><p data-start=\"1230\" data-end=\"1335\">Chaque chantier est pr\u00e9c\u00e9d\u00e9 d\u2019un diagnostic pr\u00e9cis et d\u2019un <strong data-start=\"1289\" data-end=\"1306\">devis gratuit<\/strong>, clair et sans engagement.<\/p><p data-start=\"1337\" data-end=\"1530\">Que ce soit pour un entretien r\u00e9gulier, une r\u00e9novation compl\u00e8te ou une intervention d\u2019urgence, nous nous adaptons \u00e0 vos contraintes et garantissons un travail rapide, propre et professionnel.<\/p><p data-start=\"1532\" data-end=\"1778\"><strong data-start=\"1532\" data-end=\"1585\">Un toit bien entretenu, c\u2019est un habitat prot\u00e9g\u00e9.<\/strong><\/p><p data-start=\"1532\" data-end=\"1778\">\u00a0<\/p><p data-start=\"1532\" data-end=\"1778\">Nous intervenons avec r\u00e9activit\u00e9, y compris en cas de fuite, de tuiles cass\u00e9es ou de d\u00e9g\u00e2ts caus\u00e9s par la m\u00e9t\u00e9o.<\/p><p data-start=\"1532\" data-end=\"1778\">Nous vous accompagnons \u00e9galement dans vos d\u00e9marches d\u2019assurance habitation.<\/p>\t\t\t\t\t\t\t\t<\/div>\n\t\t\t\t<\/div>\n\t\t\t\t<div class=\"elementor-element elementor-element-2c9a935 elementor-widget elementor-widget-heading\" data-id=\"2c9a935\" data-element_type=\"widget\" data-widget_type=\"heading.default\">\n\t\t\t\t<div class=\"elementor-widget-container\">\n\t\t\t\t\t<h2 class=\"elementor-heading-title elementor-size-default\">Couvreur \u00e0 prix juste sur Lens et ses environs<\/h2>\t\t\t\t<\/div>\n\t\t\t\t<\/div>\n\t\t\t\t<div class=\"elementor-element elementor-element-3996dd39 elementor-widget elementor-widget-text-editor\" data-id=\"3996dd39\" data-element_type=\"widget\" data-widget_type=\"text-editor.default\">\n\t\t\t\t<div class=\"elementor-widget-container\">\n\t\t\t\t\t\t\t\t\t<p data-start=\"1780\" data-end=\"2022\">Chez Olin Couverture, nous savons que toiture et ravalement sont des investissements importants.<br data-start=\"1936\" data-end=\"1939\" \/>Nous proposons donc des prestations \u00e0 prix justes, sans compromis sur la qualit\u00e9.<\/p><p data-start=\"2024\" data-end=\"2249\">Nos techniques et produits sont choisis pour assurer des r\u00e9sultats durables tout en respectant votre budget. Nos devis sont toujours gratuits et personnalis\u00e9s, afin que vous puissiez planifier vos travaux en toute s\u00e9r\u00e9nit\u00e9.<\/p><p data-start=\"2024\" data-end=\"2249\">\u00a0<\/p><p data-start=\"2251\" data-end=\"2402\"><strong data-start=\"2251\" data-end=\"2270\">Olin Couverture<\/strong>, c\u2019est la garantie d\u2019un artisan local, s\u00e9rieux et abordable, qui place la qualit\u00e9 et votre satisfaction au c\u0153ur de chaque projet.<\/p>\t\t\t\t\t\t\t\t<\/div>\n\t\t\t\t<\/div>\n\t\t\t\t<\/div>\n\t\t<div class=\"elementor-element elementor-element-484abeb7 e-con-full e-flex e-con e-child\" data-id=\"484abeb7\" data-element_type=\"container\" data-settings=\"{&quot;_ha_eqh_enable&quot;:false}\">\n\t\t<div class=\"elementor-element elementor-element-379f4004 e-con-full e-flex e-con e-child\" data-id=\"379f4004\" data-element_type=\"container\" data-settings=\"{&quot;background_background&quot;:&quot;classic&quot;,&quot;_ha_eqh_enable&quot;:false}\">\n\t\t\t\t<div class=\"elementor-element elementor-element-5c35450a elementor-widget-tablet__width-initial elementor-widget elementor-widget-ehome-contact-form-widget\" data-id=\"5c35450a\" data-element_type=\"widget\" data-widget_type=\"ehome-contact-form-widget.default\">\n\t\t\t\t<div class=\"elementor-widget-container\">\n\t\t\t\t\t\r\n\r\n\t\r\n\r\n\t<div class=\"contact-wrapper\">\r\n\t\t<div class=\"contact-items\">\r\n\t\t\t<h3>DEVIS GRATUIT<\/h3>\r\n\t\t\t\n<div class=\"wpcf7 no-js\" id=\"wpcf7-f2979-o1\" lang=\"en-US\" dir=\"ltr\" data-wpcf7-id=\"2979\">\n<div class=\"screen-reader-response\"><p role=\"status\" aria-live=\"polite\" aria-atomic=\"true\"><\/p> <ul><\/ul><\/div>\n<form action=\"\/index.php?rest_route=%2Fwp%2Fv2%2Fpages%2F3208#wpcf7-f2979-o1\" method=\"post\" class=\"wpcf7-form init\" aria-label=\"Contact form\" novalidate=\"novalidate\" data-status=\"init\">\n<fieldset class=\"hidden-fields-container\"><input type=\"hidden\" name=\"_wpcf7\" value=\"2979\" \/><input type=\"hidden\" name=\"_wpcf7_version\" value=\"6.1.5\" \/><input type=\"hidden\" name=\"_wpcf7_locale\" value=\"en_US\" \/><input type=\"hidden\" name=\"_wpcf7_unit_tag\" value=\"wpcf7-f2979-o1\" \/><input type=\"hidden\" name=\"_wpcf7_container_post\" value=\"0\" \/><input type=\"hidden\" name=\"_wpcf7_posted_data_hash\" value=\"\" \/>\n<\/fieldset>\n<div class=\"row g-4\">\n    <div class=\"col-lg-12 wow fadeInUp\">\n        <div class=\"form-clt\">\n            <span class=\"wpcf7-form-control-wrap\" data-name=\"text-437\"><input size=\"40\" maxlength=\"400\" class=\"wpcf7-form-control wpcf7-text\" aria-invalid=\"false\" placeholder=\"Nom\" value=\"\" type=\"text\" name=\"text-437\" \/><\/span>           \n        <\/div>\n    <\/div>\n  \n    <div class=\"col-lg-12 wow fadeInUp\">\n        <div class=\"form-clt\">\n            <span class=\"wpcf7-form-control-wrap\" data-name=\"tel-478\"><input size=\"40\" maxlength=\"400\" class=\"wpcf7-form-control wpcf7-tel wpcf7-text wpcf7-validates-as-tel\" aria-invalid=\"false\" placeholder=\"T\u00e9l\u00e9phone\" value=\"\" type=\"tel\" name=\"tel-478\" \/><\/span>\n        <\/div>\n    <\/div>\n    <div class=\"col-lg-12 wow fadeInUp\">\n        <div class=\"form-clt\">\n            <span class=\"wpcf7-form-control-wrap\" data-name=\"email-879\"><input size=\"40\" maxlength=\"400\" class=\"wpcf7-form-control wpcf7-email wpcf7-validates-as-required wpcf7-text wpcf7-validates-as-email\" aria-required=\"true\" aria-invalid=\"false\" placeholder=\"Email\" value=\"\" type=\"email\" name=\"email-879\" \/><\/span>\n        <\/div>\n    <\/div>\n    <div class=\"col-lg-12 wow fadeInUp\">\n        <div class=\"form-clt\">\n            <span class=\"wpcf7-form-control-wrap\" data-name=\"textarea-515\"><textarea cols=\"40\" rows=\"10\" maxlength=\"2000\" class=\"wpcf7-form-control wpcf7-textarea\" aria-invalid=\"false\" placeholder=\"Message\" name=\"textarea-515\"><\/textarea><\/span>\n        <\/div>\n    <\/div>\n    <div class=\"col-lg-12 wow fadeInUp\">\n        <button type=\"submit\" class=\"theme-btn w-100\">\n            ENVOYER\n        <\/button>\n    <\/div>\n<\/div><div class=\"wpcf7-response-output\" aria-hidden=\"true\"><\/div>\n<\/form>\n<\/div>\n\t\t<\/div>    \r\n    <\/div>\r\n\r\n\t\r\n\r\n             \r\n\t\t\t\t\t\t<\/div>\n\t\t\t\t<\/div>\n\t\t\t\t<\/div>\n\t\t\t\t<\/div>\n\t\t\t\t\t<\/div>\n\t\t\t\t<\/div>\n\t\t\t\t<\/div>\n\t\t","protected":false},"excerpt":{"rendered":"<p>Couvreur \u00e0 Lens OLIN COUVERTURE : Votre couvreur \u00e0 Lens et dans tout le Nord\u2013Pas-de-Calais Le toit prot\u00e8ge votre maison, mais avec le temps, il peut s\u2019ab\u00eemer et perdre en efficacit\u00e9. Pour pr\u00e9server sa solidit\u00e9 et ses performances, l\u2019intervention d\u2019un professionnel qualifi\u00e9 est essentielle. \u00a0 Sp\u00e9cialiste de la couverture, de l\u2019\u00e9tanch\u00e9it\u00e9, de la peinture et<\/p>\n","protected":false},"author":2,"featured_media":0,"parent":0,"menu_order":0,"comment_status":"closed","ping_status":"closed","template":"elementor_header_footer","meta":{"inline_featured_image":false,"footnotes":""},"class_list":["post-3208","page","type-page","status-publish","hentry"],"aioseo_notices":[],"_links":{"self":[{"href":"https:\/\/www.olin-couverture.fr\/index.php?rest_route=\/wp\/v2\/pages\/3208","targetHints":{"allow":["GET"]}}],"collection":[{"href":"https:\/\/www.olin-couverture.fr\/index.php?rest_route=\/wp\/v2\/pages"}],"about":[{"href":"https:\/\/www.olin-couverture.fr\/index.php?rest_route=\/wp\/v2\/types\/page"}],"author":[{"embeddable":true,"href":"https:\/\/www.olin-couverture.fr\/index.php?rest_route=\/wp\/v2\/users\/2"}],"replies":[{"embeddable":true,"href":"https:\/\/www.olin-couverture.fr\/index.php?rest_route=%2Fwp%2Fv2%2Fcomments&post=3208"}],"version-history":[{"count":3,"href":"https:\/\/www.olin-couverture.fr\/index.php?rest_route=\/wp\/v2\/pages\/3208\/revisions"}],"predecessor-version":[{"id":5629,"href":"https:\/\/www.olin-couverture.fr\/index.php?rest_route=\/wp\/v2\/pages\/3208\/revisions\/5629"}],"wp:attachment":[{"href":"https:\/\/www.olin-couverture.fr\/index.php?rest_route=%2Fwp%2Fv2%2Fmedia&parent=3208"}],"curies":[{"name":"wp","href":"https:\/\/api.w.org\/{rel}","templated":true}]}}