{"id":3028,"date":"2025-03-20T07:58:21","date_gmt":"2025-03-20T07:58:21","guid":{"rendered":"https:\/\/www.normandie-couverture.com\/?page_id=3028"},"modified":"2025-08-11T12:18:14","modified_gmt":"2025-08-11T12:18:14","slug":"service-isolation","status":"publish","type":"page","link":"https:\/\/www.olin-couverture.fr\/?page_id=3028","title":{"rendered":"Service Isolation"},"content":{"rendered":"\t\t<div data-elementor-type=\"wp-page\" data-elementor-id=\"3028\" class=\"elementor elementor-3028\" data-elementor-settings=\"{&quot;ha_cmc_init_switcher&quot;:&quot;no&quot;}\">\n\t\t\t\t<div class=\"elementor-element elementor-element-1b09761e e-con-full e-flex e-con e-parent\" data-id=\"1b09761e\" data-element_type=\"container\" data-settings=\"{&quot;background_background&quot;:&quot;classic&quot;,&quot;_ha_eqh_enable&quot;:false}\">\n\t\t\t\t<div class=\"elementor-element elementor-element-73dd2963 elementor-widget elementor-widget-heading\" data-id=\"73dd2963\" data-element_type=\"widget\" data-widget_type=\"heading.default\">\n\t\t\t\t<div class=\"elementor-widget-container\">\n\t\t\t\t\t<h1 class=\"elementor-heading-title elementor-size-default\">\u00c9tanch\u00e9it\u00e9 & Isolation Toiture<\/h1>\t\t\t\t<\/div>\n\t\t\t\t<\/div>\n\t\t\t\t<\/div>\n\t\t<div class=\"elementor-element elementor-element-35f1fb8a e-flex e-con-boxed e-con e-parent\" data-id=\"35f1fb8a\" data-element_type=\"container\" data-settings=\"{&quot;_ha_eqh_enable&quot;:false}\">\n\t\t\t\t\t<div class=\"e-con-inner\">\n\t\t<div class=\"elementor-element elementor-element-426bdcfc e-con-full e-flex e-con e-child\" data-id=\"426bdcfc\" data-element_type=\"container\" data-settings=\"{&quot;_ha_eqh_enable&quot;:false}\">\n\t\t\t\t<div class=\"elementor-element elementor-element-7a13e7a5 elementor-widget elementor-widget-heading\" data-id=\"7a13e7a5\" data-element_type=\"widget\" data-widget_type=\"heading.default\">\n\t\t\t\t<div class=\"elementor-widget-container\">\n\t\t\t\t\t<h2 class=\"elementor-heading-title elementor-size-default\">OLIN COUVERTURE : Votre sp\u00e9cialiste \u00c9tanch\u00e9it\u00e9 et Isolation<\/h2>\t\t\t\t<\/div>\n\t\t\t\t<\/div>\n\t\t\t\t<div class=\"elementor-element elementor-element-23f07cee elementor-widget elementor-widget-text-editor\" data-id=\"23f07cee\" data-element_type=\"widget\" data-widget_type=\"text-editor.default\">\n\t\t\t\t<div class=\"elementor-widget-container\">\n\t\t\t\t\t\t\t\t\t<h3 data-start=\"103\" data-end=\"460\">Prot\u00e9ger votre toit, c\u2019est prot\u00e9ger votre maison<\/h3><p data-start=\"103\" data-end=\"460\">\u00a0<\/p><p data-start=\"103\" data-end=\"460\">Une toiture mal isol\u00e9e ou mal \u00e9tanch\u00e9ifi\u00e9e peut entra\u00eener des infiltrations, des pertes de chaleur et fragiliser rapidement la charpente.<\/p><p data-start=\"103\" data-end=\"460\">Chez Olin Couverture, nous renfor\u00e7ons l\u2019isolation thermique et assurons une \u00e9tanch\u00e9it\u00e9 parfaite de votre toiture, en r\u00e9novation comme en construction neuve.<\/p><h3 data-start=\"462\" data-end=\"612\">\u00a0<\/h3><h3 data-start=\"462\" data-end=\"612\">Une intervention cibl\u00e9e, durable et efficace<\/h3><p data-start=\"462\" data-end=\"612\">\u00a0<\/p><p data-start=\"462\" data-end=\"612\">Avant chaque chantier, nous r\u00e9alisons un diagnostic complet pour identifier les zones \u00e0 traiter :<\/p><ul data-start=\"614\" data-end=\"756\"><li data-start=\"614\" data-end=\"655\"><p data-start=\"616\" data-end=\"655\">Isolation insuffisante ou inexistante<\/p><\/li><li data-start=\"656\" data-end=\"699\"><p data-start=\"658\" data-end=\"699\">Pr\u00e9sence d\u2019humidit\u00e9 ou ponts thermiques<\/p><\/li><li data-start=\"700\" data-end=\"756\"><p data-start=\"702\" data-end=\"756\">D\u00e9fauts d\u2019\u00e9tanch\u00e9it\u00e9 (solins, raccords, goutti\u00e8res\u2026)<\/p><\/li><\/ul><p data-start=\"758\" data-end=\"1035\">\u00a0<\/p><p data-start=\"758\" data-end=\"1035\">Nos solutions sur mesure :<\/p><p data-start=\"758\" data-end=\"1035\">\u2705 Isolation par l\u2019ext\u00e9rieur (sarking) ou par l\u2019int\u00e9rieur<\/p><p data-start=\"758\" data-end=\"1035\">\u2705 Pose d\u2019isolants performants et durables<\/p><p data-start=\"758\" data-end=\"1035\">\u2705 \u00c9tanch\u00e9it\u00e9 bitume, membrane ou r\u00e9sine<\/p><p data-start=\"758\" data-end=\"1035\">\u2705 R\u00e9fection de l\u2019\u00e9cran sous-toiture<\/p><p data-start=\"758\" data-end=\"1035\">\u2705 Traitement des points sensibles (Velux, chemin\u00e9e, noues\u2026)<\/p><h3 data-start=\"1037\" data-end=\"1327\">\u00a0<\/h3><h3 data-start=\"1037\" data-end=\"1327\">Qualit\u00e9 \u2013 Garantie \u2013 S\u00e9r\u00e9nit\u00e9<\/h3><p data-start=\"1037\" data-end=\"1327\">\u00a0<\/p><p data-start=\"1037\" data-end=\"1327\">Tous nos travaux sont r\u00e9alis\u00e9s dans le respect des normes, avec des mat\u00e9riaux certifi\u00e9s et couverts par une garantie d\u00e9cennale.<br data-start=\"1200\" data-end=\"1203\" \/>Vous b\u00e9n\u00e9ficiez d\u2019un devis clair, d\u2019un accompagnement personnalis\u00e9 et d\u2019un chantier soign\u00e9, men\u00e9 dans les r\u00e8gles de l\u2019art.<\/p><p data-start=\"1329\" data-end=\"1478\">\u00a0<\/p><p data-start=\"1329\" data-end=\"1478\">Besoin d\u2019am\u00e9liorer l\u2019isolation ou l\u2019\u00e9tanch\u00e9it\u00e9 de votre toit ?<\/p><p data-start=\"1329\" data-end=\"1478\">Contactez Olin Couverture pour une \u00e9valuation gratuite et sans engagement.<\/p>\t\t\t\t\t\t\t\t<\/div>\n\t\t\t\t<\/div>\n\t\t\t\t<div class=\"elementor-element elementor-element-03092da elementor-widget elementor-widget-image\" data-id=\"03092da\" data-element_type=\"widget\" data-widget_type=\"image.default\">\n\t\t\t\t<div class=\"elementor-widget-container\">\n\t\t\t\t\t\t\t\t\t\t\t\t\t\t\t<img fetchpriority=\"high\" decoding=\"async\" width=\"1800\" height=\"1200\" src=\"https:\/\/www.olin-couverture.fr\/wp-content\/uploads\/2025\/08\/587.jpg\" class=\"attachment-full size-full wp-image-5447\" alt=\"\" srcset=\"https:\/\/www.olin-couverture.fr\/wp-content\/uploads\/2025\/08\/587.jpg 1800w, https:\/\/www.olin-couverture.fr\/wp-content\/uploads\/2025\/08\/587-300x200.jpg 300w, https:\/\/www.olin-couverture.fr\/wp-content\/uploads\/2025\/08\/587-1024x683.jpg 1024w, https:\/\/www.olin-couverture.fr\/wp-content\/uploads\/2025\/08\/587-768x512.jpg 768w, https:\/\/www.olin-couverture.fr\/wp-content\/uploads\/2025\/08\/587-1536x1024.jpg 1536w\" sizes=\"(max-width: 1800px) 100vw, 1800px\" \/>\t\t\t\t\t\t\t\t\t\t\t\t\t\t\t<\/div>\n\t\t\t\t<\/div>\n\t\t\t\t<div class=\"elementor-element elementor-element-502bdde elementor-widget elementor-widget-heading\" data-id=\"502bdde\" data-element_type=\"widget\" data-widget_type=\"heading.default\">\n\t\t\t\t<div class=\"elementor-widget-container\">\n\t\t\t\t\t<h2 class=\"elementor-heading-title elementor-size-default\">Une \u00e9tanch\u00e9it\u00e9 optimale avec OLIN COUVERTURE \u2013 Votre sp\u00e9cialiste Toiture en Nord\u2013Pas-de-Calais<\/h2>\t\t\t\t<\/div>\n\t\t\t\t<\/div>\n\t\t\t\t<div class=\"elementor-element elementor-element-7a52d1f1 elementor-widget elementor-widget-text-editor\" data-id=\"7a52d1f1\" data-element_type=\"widget\" data-widget_type=\"text-editor.default\">\n\t\t\t\t<div class=\"elementor-widget-container\">\n\t\t\t\t\t\t\t\t\t<p data-start=\"205\" data-end=\"506\">Chez Olin Couverture, nous savons qu\u2019un nettoyage de toiture n\u2019est complet qu\u2019avec l\u2019application d\u2019un traitement hydrofuge, indispensable pour garantir une \u00e9tanch\u00e9it\u00e9 durable.<\/p><p data-start=\"205\" data-end=\"506\">\u00a0<\/p><p data-start=\"205\" data-end=\"506\">Un toit bien prot\u00e9g\u00e9 emp\u00eache l\u2019humidit\u00e9 de p\u00e9n\u00e9trer, pr\u00e9servant ainsi votre int\u00e9rieur des fuites et des d\u00e9gradations.<\/p><p data-start=\"508\" data-end=\"727\">Nos traitements hydrofuges cr\u00e9ent une barri\u00e8re invisible contre l\u2019eau et l\u2019humidit\u00e9. Appliqu\u00e9s \u00e0 la brosse ou par pulv\u00e9risation, ils prolongent la dur\u00e9e de vie de votre toiture tout en conservant son aspect d\u2019origine.<\/p><p data-start=\"729\" data-end=\"1036\">\u00a0<\/p><p data-start=\"729\" data-end=\"1036\">Bas\u00e9s \u00e0 Lens, nous intervenons dans tout le Nord\u2013Pas-de-Calais pour vous offrir des solutions durables, efficaces et adapt\u00e9es \u00e0 tous types de toitures.<br data-start=\"880\" data-end=\"883\" \/>Nos produits, soigneusement s\u00e9lectionn\u00e9s, renforcent l\u2019imperm\u00e9abilit\u00e9 de votre toit et le prot\u00e8gent durablement des effets du temps et des intemp\u00e9ries.<\/p>\t\t\t\t\t\t\t\t<\/div>\n\t\t\t\t<\/div>\n\t\t\t\t<div class=\"elementor-element elementor-element-2c9a935 elementor-widget elementor-widget-heading\" data-id=\"2c9a935\" data-element_type=\"widget\" data-widget_type=\"heading.default\">\n\t\t\t\t<div class=\"elementor-widget-container\">\n\t\t\t\t\t<h2 class=\"elementor-heading-title elementor-size-default\">Une isolation performante avec OLIN COUVERTURE \u2013 Pour un confort et des \u00e9conomies toute l\u2019ann\u00e9e<\/h2>\t\t\t\t<\/div>\n\t\t\t\t<\/div>\n\t\t\t\t<div class=\"elementor-element elementor-element-3996dd39 elementor-widget elementor-widget-text-editor\" data-id=\"3996dd39\" data-element_type=\"widget\" data-widget_type=\"text-editor.default\">\n\t\t\t\t<div class=\"elementor-widget-container\">\n\t\t\t\t\t\t\t\t\t<p data-start=\"215\" data-end=\"503\">Une toiture mal isol\u00e9e peut \u00eatre responsable de plus de 30 % des pertes de chaleur d\u2019une habitation.<\/p><p data-start=\"215\" data-end=\"503\">Chez <strong data-start=\"321\" data-end=\"340\">Olin Couverture<\/strong>, nous vous proposons des solutions d\u2019isolation efficaces pour am\u00e9liorer votre confort thermique en hiver comme en \u00e9t\u00e9, tout en r\u00e9duisant vos factures d\u2019\u00e9nergie.<\/p><p data-start=\"505\" data-end=\"811\">\u00a0<\/p><p data-start=\"505\" data-end=\"811\">Qu\u2019il s\u2019agisse d\u2019une isolation par l\u2019int\u00e9rieur ou par l\u2019ext\u00e9rieur (sarking), nous utilisons des mat\u00e9riaux performants et durables, adapt\u00e9s \u00e0 la configuration de votre toit. Nos techniques permettent de limiter les ponts thermiques, renforcer l\u2019\u00e9tanch\u00e9it\u00e9 et prolonger la dur\u00e9e de vie de votre couverture.<\/p><p data-start=\"813\" data-end=\"994\">Bas\u00e9s \u00e0 Lens, nous intervenons dans tout le Nord\u2013Pas-de-Calais pour vous garantir une isolation optimale, r\u00e9alis\u00e9e dans les r\u00e8gles de l\u2019art et couverte par une garantie d\u00e9cennale.<\/p>\t\t\t\t\t\t\t\t<\/div>\n\t\t\t\t<\/div>\n\t\t\t\t<\/div>\n\t\t<div class=\"elementor-element elementor-element-484abeb7 e-con-full e-flex e-con e-child\" data-id=\"484abeb7\" data-element_type=\"container\" data-settings=\"{&quot;_ha_eqh_enable&quot;:false}\">\n\t\t<div class=\"elementor-element elementor-element-379f4004 e-con-full e-flex e-con e-child\" data-id=\"379f4004\" data-element_type=\"container\" data-settings=\"{&quot;background_background&quot;:&quot;classic&quot;,&quot;_ha_eqh_enable&quot;:false}\">\n\t\t\t\t<div class=\"elementor-element elementor-element-5c35450a elementor-widget-tablet__width-initial elementor-widget elementor-widget-ehome-contact-form-widget\" data-id=\"5c35450a\" data-element_type=\"widget\" data-widget_type=\"ehome-contact-form-widget.default\">\n\t\t\t\t<div class=\"elementor-widget-container\">\n\t\t\t\t\t\r\n\r\n\t\r\n\r\n\t<div class=\"contact-wrapper\">\r\n\t\t<div class=\"contact-items\">\r\n\t\t\t<h3>DEVIS GRATUIT<\/h3>\r\n\t\t\t\n<div class=\"wpcf7 no-js\" id=\"wpcf7-f2979-o1\" lang=\"en-US\" dir=\"ltr\" data-wpcf7-id=\"2979\">\n<div class=\"screen-reader-response\"><p role=\"status\" aria-live=\"polite\" aria-atomic=\"true\"><\/p> <ul><\/ul><\/div>\n<form action=\"\/index.php?rest_route=%2Fwp%2Fv2%2Fpages%2F3028#wpcf7-f2979-o1\" method=\"post\" class=\"wpcf7-form init\" aria-label=\"Contact form\" novalidate=\"novalidate\" data-status=\"init\">\n<fieldset class=\"hidden-fields-container\"><input type=\"hidden\" name=\"_wpcf7\" value=\"2979\" \/><input type=\"hidden\" name=\"_wpcf7_version\" value=\"6.1.5\" \/><input type=\"hidden\" name=\"_wpcf7_locale\" value=\"en_US\" \/><input type=\"hidden\" name=\"_wpcf7_unit_tag\" value=\"wpcf7-f2979-o1\" \/><input type=\"hidden\" name=\"_wpcf7_container_post\" value=\"0\" \/><input type=\"hidden\" name=\"_wpcf7_posted_data_hash\" value=\"\" \/>\n<\/fieldset>\n<div class=\"row g-4\">\n    <div class=\"col-lg-12 wow fadeInUp\">\n        <div class=\"form-clt\">\n            <span class=\"wpcf7-form-control-wrap\" data-name=\"text-437\"><input size=\"40\" maxlength=\"400\" class=\"wpcf7-form-control wpcf7-text\" aria-invalid=\"false\" placeholder=\"Nom\" value=\"\" type=\"text\" name=\"text-437\" \/><\/span>           \n        <\/div>\n    <\/div>\n  \n    <div class=\"col-lg-12 wow fadeInUp\">\n        <div class=\"form-clt\">\n            <span class=\"wpcf7-form-control-wrap\" data-name=\"tel-478\"><input size=\"40\" maxlength=\"400\" class=\"wpcf7-form-control wpcf7-tel wpcf7-text wpcf7-validates-as-tel\" aria-invalid=\"false\" placeholder=\"T\u00e9l\u00e9phone\" value=\"\" type=\"tel\" name=\"tel-478\" \/><\/span>\n        <\/div>\n    <\/div>\n    <div class=\"col-lg-12 wow fadeInUp\">\n        <div class=\"form-clt\">\n            <span class=\"wpcf7-form-control-wrap\" data-name=\"email-879\"><input size=\"40\" maxlength=\"400\" class=\"wpcf7-form-control wpcf7-email wpcf7-validates-as-required wpcf7-text wpcf7-validates-as-email\" aria-required=\"true\" aria-invalid=\"false\" placeholder=\"Email\" value=\"\" type=\"email\" name=\"email-879\" \/><\/span>\n        <\/div>\n    <\/div>\n    <div class=\"col-lg-12 wow fadeInUp\">\n        <div class=\"form-clt\">\n            <span class=\"wpcf7-form-control-wrap\" data-name=\"textarea-515\"><textarea cols=\"40\" rows=\"10\" maxlength=\"2000\" class=\"wpcf7-form-control wpcf7-textarea\" aria-invalid=\"false\" placeholder=\"Message\" name=\"textarea-515\"><\/textarea><\/span>\n        <\/div>\n    <\/div>\n    <div class=\"col-lg-12 wow fadeInUp\">\n        <button type=\"submit\" class=\"theme-btn w-100\">\n            ENVOYER\n        <\/button>\n    <\/div>\n<\/div><div class=\"wpcf7-response-output\" aria-hidden=\"true\"><\/div>\n<\/form>\n<\/div>\n\t\t<\/div>    \r\n    <\/div>\r\n\r\n\t\r\n\r\n             \r\n\t\t\t\t\t\t<\/div>\n\t\t\t\t<\/div>\n\t\t\t\t<\/div>\n\t\t\t\t<\/div>\n\t\t\t\t\t<\/div>\n\t\t\t\t<\/div>\n\t\t\t\t<\/div>\n\t\t","protected":false},"excerpt":{"rendered":"<p>\u00c9tanch\u00e9it\u00e9 &#038; Isolation Toiture OLIN COUVERTURE : Votre sp\u00e9cialiste \u00c9tanch\u00e9it\u00e9 et Isolation Prot\u00e9ger votre toit, c\u2019est prot\u00e9ger votre maison \u00a0 Une toiture mal isol\u00e9e ou mal \u00e9tanch\u00e9ifi\u00e9e peut entra\u00eener des infiltrations, des pertes de chaleur et fragiliser rapidement la charpente. Chez Olin Couverture, nous renfor\u00e7ons l\u2019isolation thermique et assurons une \u00e9tanch\u00e9it\u00e9 parfaite de votre toiture,<\/p>\n","protected":false},"author":2,"featured_media":0,"parent":0,"menu_order":0,"comment_status":"closed","ping_status":"closed","template":"elementor_header_footer","meta":{"inline_featured_image":false,"footnotes":""},"class_list":["post-3028","page","type-page","status-publish","hentry"],"aioseo_notices":[],"_links":{"self":[{"href":"https:\/\/www.olin-couverture.fr\/index.php?rest_route=\/wp\/v2\/pages\/3028","targetHints":{"allow":["GET"]}}],"collection":[{"href":"https:\/\/www.olin-couverture.fr\/index.php?rest_route=\/wp\/v2\/pages"}],"about":[{"href":"https:\/\/www.olin-couverture.fr\/index.php?rest_route=\/wp\/v2\/types\/page"}],"author":[{"embeddable":true,"href":"https:\/\/www.olin-couverture.fr\/index.php?rest_route=\/wp\/v2\/users\/2"}],"replies":[{"embeddable":true,"href":"https:\/\/www.olin-couverture.fr\/index.php?rest_route=%2Fwp%2Fv2%2Fcomments&post=3028"}],"version-history":[{"count":0,"href":"https:\/\/www.olin-couverture.fr\/index.php?rest_route=\/wp\/v2\/pages\/3028\/revisions"}],"wp:attachment":[{"href":"https:\/\/www.olin-couverture.fr\/index.php?rest_route=%2Fwp%2Fv2%2Fmedia&parent=3028"}],"curies":[{"name":"wp","href":"https:\/\/api.w.org\/{rel}","templated":true}]}}